{"id":77,"date":"2025-03-19T08:50:48","date_gmt":"2025-03-19T07:50:48","guid":{"rendered":"https:\/\/sfrolomouc.cz\/?page_id=77"},"modified":"2025-03-19T08:50:48","modified_gmt":"2025-03-19T07:50:48","slug":"spolecenstvi-rodin-z-historie-po-soucasnost","status":"publish","type":"page","link":"https:\/\/sfrolomouc.cz\/?page_id=77","title":{"rendered":"Spole\u010denstv\u00ed rodin \u2013 z\u00a0historie po sou\u010dasnost"},"content":{"rendered":"\n<p><strong><u>Spole\u010denstv\u00ed rodin \u2013 z&nbsp;historie po sou\u010dasnost<\/u><\/strong><\/p>\n\n\n\n<p>Po\u010d\u00e1tky na\u0161eho spole\u010denstv\u00ed maj\u00ed sv\u00e9 ko\u0159eny ji\u017e v&nbsp;dob\u011b socialismu. Bratry a sestry tehdy duchovn\u011b vedl otec Pavel Uh\u0159\u00edk OFMCap. a pam\u011btn\u00edci vzpom\u00ednaj\u00ed na spont\u00e1nn\u00ed a radostnou atmosf\u00e9ru, v&nbsp;n\u00ed\u017e prob\u00edhala setk\u00e1n\u00ed ko\u0159en\u011bn\u00e1 p\u0159\u00edchut\u00ed zak\u00e1zan\u00e9ho ovoce. Toto spole\u010denstv\u00ed se sch\u00e1zelo ve St\u00e1dle a pozd\u011bji v&nbsp;\u00dajezd\u011b u Uni\u010dova. Z&nbsp;n\u011bj se osamostatnily t\u0159i mlad\u00e9 man\u017eelsk\u00e9 p\u00e1ry, jejich\u017e mal\u00e9 d\u011bti pon\u011bkud naru\u0161ovaly program, a ty polo\u017eily z\u00e1klad olomouck\u00e9ho spole\u010denstv\u00ed rodin.<\/p>\n\n\n\n<p>V\u016fn\u011b jejich p\u0159\u00edkladu p\u0159il\u00e1kala i dal\u0161\u00ed, kte\u0159\u00ed se za\u010dali sch\u00e1zet spolu s&nbsp;nimi.&nbsp; Tato komorn\u00ed setk\u00e1v\u00e1n\u00ed prob\u00edhala v&nbsp;rodin\u00e1ch a duchovn\u00edho veden\u00ed se ujal otec Anast\u00e1z Pol\u00e1\u0161ek OFMCap., kter\u00fd n\u00e1s teoreticky seznamoval s&nbsp;Ide\u00e1ly sv. Franti\u0161ka a prakticky p\u0159edstavoval \u017eitou franti\u0161k\u00e1nskou pokoru a Franti\u0161kova ducha.<\/p>\n\n\n\n<p>V&nbsp;roce 1995 ho v&nbsp;duchovn\u00ed p\u00e9\u010di vyst\u0159\u00eddal otec Bonaventura&nbsp; \u0160tivar OFMCap., kter\u00fd ud\u011blal po\u0159\u00e1dek i po str\u00e1nce kanonick\u00e9. Spole\u010denstv\u00ed m\u011blo tehdy p\u011bt \u010dlen\u016f s&nbsp;trval\u00fdmi sliby a \u0161est kandid\u00e1t\u016f. Prob\u011bhly volby, konala se formace novic\u016f.&nbsp; V tomto roce jsme si tak\u00e9 pro\u017eili prvn\u00ed exercicie, kter\u00e9 se pak uskute\u010d\u0148ovaly ka\u017ed\u00fdm rokem. Setk\u00e1n\u00ed prob\u00edhala nad\u00e1le v&nbsp;dom\u00e1cnostech, modlili jsme se brevi\u00e1\u0159 a otec Bonaventura n\u00e1s seznamoval s&nbsp;\u017eivotem a my\u0161len\u00edm sv. Franti\u0161ka, prob\u00edrali jsme \u0159eholi a konstituce a rozj\u00edmali evangelium. B\u011bhem&nbsp;n\u00e1sleduj\u00edc\u00edch let n\u00e1s otec Bonaventura vyb\u00edzel a u\u010dil&nbsp;samostatnosti p\u0159i rozj\u00edm\u00e1n\u00ed a rozboru P\u00edsma sv. Proto si rozj\u00edm\u00e1n\u00ed nad \u00faryvkem evangelia v\u017edy p\u0159ipravuje jeden \u010dlen nebo man\u017eelsk\u00fd p\u00e1r a ostatn\u00ed se p\u0159ipojuj\u00ed se sv\u00fdm rozj\u00edm\u00e1n\u00edm ve spole\u010dn\u00e9 diskusi.<\/p>\n\n\n\n<p>V&nbsp;roce 1996 slo\u017eili \u010dty\u0159i novicov\u00e9 sliby a p\u0159ich\u00e1zeli dal\u0161\u00ed man\u017eel\u00e9 \u017e\u00e1daj\u00edc\u00ed o vstup. P\u0159ib\u00fdvalo tedy \u010dlen\u016f, p\u0159ib\u00fdvalo i d\u011bt\u00ed a proto se setk\u00e1v\u00e1n\u00ed p\u0159esunula z&nbsp;rodin do kapuc\u00ednsk\u00e9ho kl\u00e1\u0161tera v&nbsp;Olomouci, kde je v\u00edce m\u00edsta. Abychom zachovali intimn\u00ed rodinn\u00fd charakter, sch\u00e1z\u00edme se jednou za m\u011bs\u00edc ve\u010der k&nbsp;modlitb\u011b brevi\u00e1\u0159e v rodin\u00e1ch.<\/p>\n\n\n\n<p>Projevili z\u00e1jem nov\u00ed \u010dlenov\u00e9 \u2013 u\u017e to nejsou jen man\u017eel\u00e9, jsou to i svobodn\u00e1 d\u011bv\u010data.<\/p>\n\n\n\n<p>V&nbsp;roce 1999 jsme si odhlasovali rozd\u011blen\u00ed spole\u010denstv\u00ed na dv\u011b sekce \u2013 olomouckou a prost\u011bjovskou. V\u017edy jednou za t\u0159i m\u011bs\u00edce se uskute\u010d\u0148ovalo setk\u00e1n\u00ed spole\u010dn\u00e9.<\/p>\n\n\n\n<p>Spole\u010denstv\u00ed se st\u00e1le rozr\u016fstalo. V&nbsp;roce 2000 \u010d\u00edtalo 16 \u010dlen\u016f s&nbsp;trval\u00fdmi sliby a 5 kandid\u00e1t\u016f, p\u0159ich\u00e1zely dal\u0161\u00ed studentky.<\/p>\n\n\n\n<p>Od roku 2001 se zab\u00fdv\u00e1me hloub\u011bji spisy sv. Franti\u0161ka, jejich\u017e nov\u00fd kvalitn\u00ed p\u0159eklad po\u0159\u00eddil otec Bonaventura.<\/p>\n\n\n\n<p>Jak v\u011bt\u0161ina d\u011bt\u00ed dosp\u00edv\u00e1 a p\u0159est\u00e1v\u00e1 s&nbsp;n\u00e1mi jezdit, spole\u010denstv\u00ed se op\u011bt spojuje. V&nbsp;roce 2006 m\u00e1 MBS 23 \u010dlen\u016f s&nbsp;trvalou profes\u00ed.<\/p>\n\n\n\n<p>Od roku 2007 p\u0159eb\u00edr\u00e1&nbsp; funkci duchovn\u00edho asistenta otec Dismas Toma\u0161t\u00edk OFMCap.<\/p>\n\n\n\n<p>Z\u00e1v\u011brem \u2013 co pro n\u00e1s na\u0161e spole\u010denstv\u00ed znamen\u00e1? Formuje n\u00e1\u0161 \u017eivot a u\u010d\u00ed cest\u011b za P\u00e1nem, d\u00e1v\u00e1 n\u00e1m bohatstv\u00ed stejn\u011b sm\u00fd\u0161lej\u00edc\u00edch brat\u0159\u00ed a sester, kte\u0159\u00ed pro n\u00e1s maj\u00ed otev\u0159en\u00e9 srdce v&nbsp;t\u011b\u017ek\u00fdch situac\u00edch kter\u00e9 ka\u017ed\u00e9mu \u017eivot na tomto sv\u011bt\u011b p\u0159in\u00e1\u0161\u00ed.<\/p>\n\n\n\n<p><\/p>\n","protected":false},"excerpt":{"rendered":"<p>Spole\u010denstv\u00ed rodin \u2013 z&nbsp;historie po sou\u010dasnost Po\u010d\u00e1tky na\u0161eho spole\u010denstv\u00ed maj\u00ed sv\u00e9 ko\u0159eny ji\u017e v&nbsp;dob\u011b socialismu. Bratry a sestry tehdy duchovn\u011b vedl otec Pavel Uh\u0159\u00edk OFMCap. a pam\u011btn\u00edci vzpom\u00ednaj\u00ed na spont\u00e1nn\u00ed a radostnou atmosf\u00e9ru, v&nbsp;n\u00ed\u017e prob\u00edhala setk\u00e1n\u00ed ko\u0159en\u011bn\u00e1 p\u0159\u00edchut\u00ed zak\u00e1zan\u00e9ho ovoce. Toto spole\u010denstv\u00ed se sch\u00e1zelo ve St\u00e1dle a pozd\u011bji v&nbsp;\u00dajezd\u011b u Uni\u010dova. Z&nbsp;n\u011bj se osamostatnily t\u0159i &hellip; <a href=\"https:\/\/sfrolomouc.cz\/?page_id=77\" class=\"more-link\">Pokra\u010dov\u00e1n\u00ed textu <span class=\"screen-reader-text\">Spole\u010denstv\u00ed rodin \u2013 z\u00a0historie po sou\u010dasnost<\/span> <span class=\"meta-nav\">&rarr;<\/span><\/a><\/p>\n","protected":false},"author":1,"featured_media":0,"parent":0,"menu_order":0,"comment_status":"closed","ping_status":"closed","template":"","meta":{"footnotes":""},"class_list":["post-77","page","type-page","status-publish","hentry"],"_links":{"self":[{"href":"https:\/\/sfrolomouc.cz\/index.php?rest_route=\/wp\/v2\/pages\/77","targetHints":{"allow":["GET"]}}],"collection":[{"href":"https:\/\/sfrolomouc.cz\/index.php?rest_route=\/wp\/v2\/pages"}],"about":[{"href":"https:\/\/sfrolomouc.cz\/index.php?rest_route=\/wp\/v2\/types\/page"}],"author":[{"embeddable":true,"href":"https:\/\/sfrolomouc.cz\/index.php?rest_route=\/wp\/v2\/users\/1"}],"replies":[{"embeddable":true,"href":"https:\/\/sfrolomouc.cz\/index.php?rest_route=%2Fwp%2Fv2%2Fcomments&post=77"}],"version-history":[{"count":1,"href":"https:\/\/sfrolomouc.cz\/index.php?rest_route=\/wp\/v2\/pages\/77\/revisions"}],"predecessor-version":[{"id":79,"href":"https:\/\/sfrolomouc.cz\/index.php?rest_route=\/wp\/v2\/pages\/77\/revisions\/79"}],"wp:attachment":[{"href":"https:\/\/sfrolomouc.cz\/index.php?rest_route=%2Fwp%2Fv2%2Fmedia&parent=77"}],"curies":[{"name":"wp","href":"https:\/\/api.w.org\/{rel}","templated":true}]}}