{"id":7,"date":"2024-11-22T15:35:14","date_gmt":"2024-11-22T14:35:14","guid":{"rendered":"https:\/\/sfrolomouc.cz\/?page_id=7"},"modified":"2025-03-17T09:58:16","modified_gmt":"2025-03-17T08:58:16","slug":"20-10-2024","status":"publish","type":"page","link":"https:\/\/sfrolomouc.cz\/?page_id=7","title":{"rendered":"20.10.2024"},"content":{"rendered":"\n<p>Z\u00e1pis ze setk\u00e1n\u00ed 20.10.2024.<\/p>\n\n\n<div class=\"wp-block-image\">\n<figure class=\"alignleft size-full is-resized\"><img loading=\"lazy\" decoding=\"async\" width=\"193\" height=\"261\" src=\"https:\/\/sfrolomouc.cz\/wp-content\/uploads\/2024\/11\/tau.jpg\" alt=\"\" class=\"wp-image-9\" style=\"width:98px;height:auto\"\/><\/figure>\n<\/div>\n\n\n<p>&nbsp;Kl\u00e1\u0161ter brat\u0159\u00ed kapuc\u00edn\u016f Olomouc<em><\/em><\/p>\n\n\n\n<p><strong><em>Setk\u00e1n\u00ed sester a brat\u0159\u00ed SF\u0158 \u2013 Olomouc rodiny<\/em><\/strong><\/p>\n\n\n\n<p><\/p>\n\n\n\n<p><\/p>\n\n\n\n<p><strong>\u010casov\u00fd pr\u016fb\u011bh s pozn\u00e1mkami:<\/strong><\/p>\n\n\n\n<ol class=\"wp-block-list\">\n<li>Modlitba uprost\u0159ed dne v&nbsp;kostel<\/li>\n\n\n\n<li>Formace<\/li>\n<\/ol>\n\n\n\n<p><strong>&nbsp;&nbsp;&nbsp;&nbsp;&nbsp;&nbsp;&nbsp; <\/strong>Bratr Dominik byl na dovolen\u00e9, tak\u017ee jsme forma\u010dn\u00ed a duchovn\u00ed \u010d\u00e1st museli zvl\u00e1dnout sami.&nbsp; Zam\u00fd\u0161leli jsme se nad textem k&nbsp;v\u00fdro\u010d\u00ed p\u0159ijet\u00ed stigmat sv. Franti\u0161ka \u2013 Jak se B\u016fh vtiskl do n\u00e1s? B\u00fdt napojen na Boha, sna\u017eit se plnit jeho v\u016fli. Myse mnohdy soud\u00edme, ale B\u016fh n\u00e1s nesoud\u00ed. Z\u00e1\u017eitky s&nbsp;Bohem \u2013 jeho dotyk. K&nbsp;tomu jsme se zamysleli nad t\u00edm, jak je mnohdy t\u011b\u017ek\u00e9 dot\u00fdkat se Kristova trp\u00edc\u00edho t\u011bla v&nbsp;druh\u00fdch.<\/p>\n\n\n\n<ul class=\"wp-block-list\">\n<li>Maru\u0161ka Richterov\u00e1 n\u00e1s informovala o Forma\u010dn\u00edm semin\u00e1\u0159i, kter\u00fd je p\u0159ipraven v&nbsp;term\u00ednu 8.-10.&nbsp;&nbsp; 11.2024 na Vranov\u011b u Brna<\/li>\n\n\n\n<li>Exercicie v&nbsp;roce 2025 bychom cht\u011bli uspo\u0159\u00e1dat v&nbsp;term\u00ednu 21. -.25.8.2025, ministryn\u011b zjist\u00ed, zda je v&nbsp;kl\u00e1\u0161te\u0159e volno, z\u00e1stupkyn\u011b ministra zjist\u00ed, zda by mohl exercicie d\u00e1vat br. Bonaventura \u0160tivar<\/li>\n\n\n\n<li>Oblastn\u00ed setk\u00e1n\u00ed 2025 \u2013 je zde nab\u00eddka n\u00e1rodn\u00edho form\u00e1tora br. Ji\u0159\u00edho Zaj\u00edce, \u017ee je ochoten p\u0159ijet. Zjistime, zda by byl z\u00e1jem ze strany MBS \u0160ternberk a dal\u0161\u00edch.<\/li>\n\n\n\n<li>nov\u011b utvo\u0159en\u00e1 komunika\u010dn\u00ed skupina na\u0161eho MBS za\u010dala ji\u017e fungovat a za\u010d\u00edn\u00e1 se i docela pou\u017e\u00edvat.<\/li>\n\n\n\n<li>sd\u00edlen\u00ed<\/li>\n<\/ul>\n\n\n\n<p>&nbsp; <strong>Organiza\u010dn\u00ed z\u00e1le\u017eitosti, n\u00e1vrhy:<\/strong><\/p>\n\n\n\n<ul class=\"wp-block-list\">\n<li>P\u0159\u00ed\u0161t\u00ed setk\u00e1n\u00ed bude prob\u00edhat 17.11.2024. a bude spojeno s&nbsp;p\u0159ijet\u00edm bratra Lubom\u00edra do SF\u0158 v kostele<\/li>\n\n\n\n<li>Pot\u00e9&nbsp; budeme pokra\u010dovat v&nbsp;kl\u00e1\u0161te\u0159e pokra\u010dov\u00e1n\u00edm v textu \u2013 odd\u00edl Oslava daru stigmat prvn\u00ed dv\u011b citace z&nbsp;P\u00edsma: \u201eJ\u00e1 na sv\u00e9m t\u011ble nos\u00edm znamen\u00ed, \u017ee pat\u0159\u00edm Je\u017e\u00ed\u0161i\u201c (Gal 6.17) a \u201eZadarmo jste dostali, zadarmo d\u00e1vejte (Mt 10,8)\u201c. Je to na str. 14-15.<\/li>\n<\/ul>\n\n\n\n<p>&nbsp;&nbsp;&nbsp;&nbsp;&nbsp; Zapsala Jitka Hub\u00e1\u010dkov\u00e1&nbsp;&nbsp;&nbsp;&nbsp;&nbsp;&nbsp;&nbsp;&nbsp;<\/p>\n\n\n\n<p><\/p>\n","protected":false},"excerpt":{"rendered":"<p>Z\u00e1pis ze setk\u00e1n\u00ed 20.10.2024. &nbsp;Kl\u00e1\u0161ter brat\u0159\u00ed kapuc\u00edn\u016f Olomouc Setk\u00e1n\u00ed sester a brat\u0159\u00ed SF\u0158 \u2013 Olomouc rodiny \u010casov\u00fd pr\u016fb\u011bh s pozn\u00e1mkami: &nbsp;&nbsp;&nbsp;&nbsp;&nbsp;&nbsp;&nbsp; Bratr Dominik byl na dovolen\u00e9, tak\u017ee jsme forma\u010dn\u00ed a duchovn\u00ed \u010d\u00e1st museli zvl\u00e1dnout sami.&nbsp; Zam\u00fd\u0161leli jsme se nad textem k&nbsp;v\u00fdro\u010d\u00ed p\u0159ijet\u00ed stigmat sv. Franti\u0161ka \u2013 Jak se B\u016fh vtiskl do n\u00e1s? B\u00fdt napojen na &hellip; <a href=\"https:\/\/sfrolomouc.cz\/?page_id=7\" class=\"more-link\">Pokra\u010dov\u00e1n\u00ed textu <span class=\"screen-reader-text\">20.10.2024<\/span> <span class=\"meta-nav\">&rarr;<\/span><\/a><\/p>\n","protected":false},"author":1,"featured_media":0,"parent":0,"menu_order":0,"comment_status":"closed","ping_status":"closed","template":"","meta":{"footnotes":""},"class_list":["post-7","page","type-page","status-publish","hentry"],"_links":{"self":[{"href":"https:\/\/sfrolomouc.cz\/index.php?rest_route=\/wp\/v2\/pages\/7","targetHints":{"allow":["GET"]}}],"collection":[{"href":"https:\/\/sfrolomouc.cz\/index.php?rest_route=\/wp\/v2\/pages"}],"about":[{"href":"https:\/\/sfrolomouc.cz\/index.php?rest_route=\/wp\/v2\/types\/page"}],"author":[{"embeddable":true,"href":"https:\/\/sfrolomouc.cz\/index.php?rest_route=\/wp\/v2\/users\/1"}],"replies":[{"embeddable":true,"href":"https:\/\/sfrolomouc.cz\/index.php?rest_route=%2Fwp%2Fv2%2Fcomments&post=7"}],"version-history":[{"count":3,"href":"https:\/\/sfrolomouc.cz\/index.php?rest_route=\/wp\/v2\/pages\/7\/revisions"}],"predecessor-version":[{"id":70,"href":"https:\/\/sfrolomouc.cz\/index.php?rest_route=\/wp\/v2\/pages\/7\/revisions\/70"}],"wp:attachment":[{"href":"https:\/\/sfrolomouc.cz\/index.php?rest_route=%2Fwp%2Fv2%2Fmedia&parent=7"}],"curies":[{"name":"wp","href":"https:\/\/api.w.org\/{rel}","templated":true}]}}