{"id":186,"date":"2026-05-01T18:46:59","date_gmt":"2026-05-01T17:46:59","guid":{"rendered":"https:\/\/sfrolomouc.cz\/?page_id=186"},"modified":"2026-05-01T18:46:59","modified_gmt":"2026-05-01T17:46:59","slug":"19-4-2026","status":"publish","type":"page","link":"https:\/\/sfrolomouc.cz\/","title":{"rendered":"19.4.2026"},"content":{"rendered":"\n<p>Z\u00e1pis ze setk\u00e1n\u00ed 19.4.2026<\/p>\n\n\n\n<p>&nbsp;Kl\u00e1\u0161ter brat\u0159\u00ed kapuc\u00edn\u016f Olomouc<em><\/em><\/p>\n\n\n\n<p><strong><em>Setk\u00e1n\u00ed sester a brat\u0159\u00ed SF\u0158 \u2013 Olomouc rodiny<\/em><\/strong><strong><\/strong><\/p>\n\n\n\n<p><strong>P\u0159\u00edtomni: <\/strong>&nbsp;Br. Dominik, P. Hapalov\u00e1, J. Hub\u00e1\u010dkov\u00e1, E. C\u00e1skov\u00e1, M. \u0158ezn\u00ed\u010dkov\u00e1, L. Stehl\u00edkov\u00e1, D. \u0160otov\u00e1, F. Val\u016f, Fidrmucovi, Richterovi, Ve\u010de\u0159ovi, M. Mel\u010d<strong><\/strong><\/p>\n\n\n\n<p><strong>\u010casov\u00fd pr\u016fb\u011bh s pozn\u00e1mkami:<\/strong><\/p>\n\n\n\n<ol class=\"wp-block-list\">\n<li><strong>14.30 \u2013 Spole\u010dn\u00e1 modlitba uprost\u0159ed dne v kostele <\/strong><\/li>\n<\/ol>\n\n\n\n<p><strong>&nbsp;&nbsp;&nbsp;&nbsp;&nbsp;&nbsp; 2.&nbsp;&nbsp; Vstup do \u0159\u00e1du a formace \u010dl. 37-41<\/strong><\/p>\n\n\n\n<p><strong>&nbsp;&nbsp;&nbsp;&nbsp;&nbsp;&nbsp;&nbsp;&nbsp;&nbsp;&nbsp;&nbsp;&nbsp; <\/strong>Jak jsem pro\u017e\u00edval svou formaci<\/p>\n\n\n\n<p>&nbsp;&nbsp;&nbsp;&nbsp;&nbsp;&nbsp;&nbsp;&nbsp;&nbsp;&nbsp;&nbsp;&nbsp; Jak\u00e1 byla moje cesta<\/p>\n\n\n\n<p>&nbsp;&nbsp;&nbsp;&nbsp;&nbsp;&nbsp;&nbsp;&nbsp;&nbsp;&nbsp;&nbsp;&nbsp; Jak jsem se dostal k franti\u0161k\u00e1n\u016fm<\/p>\n\n\n\n<p>&nbsp;&nbsp;&nbsp;&nbsp;&nbsp;&nbsp;&nbsp; <strong>3.&nbsp;&nbsp; Sd\u00edlen\u00ed <\/strong>brat\u0159\u00ed a sester<\/p>\n\n\n\n<p><strong>&nbsp;&nbsp;&nbsp;&nbsp;&nbsp;&nbsp;&nbsp; 4.&nbsp;&nbsp; <\/strong><strong>Organiza\u010dn\u00ed z\u00e1le\u017eitosti a n\u00e1vrhy:<\/strong><\/p>\n\n\n\n<ul class=\"wp-block-list\">\n<li>P\u0159\u00ed\u0161t\u00ed setk\u00e1n\u00ed se uskute\u010dn\u00ed <strong>17.5. ve 14.30 . <\/strong>Za\u010dneme spole\u010dnou modlitbou v kostele a budeme pokra\u010dovat v kl\u00e1\u0161te\u0159e.\u00a0<\/li>\n\n\n\n<li><strong>Oblastn\u00ed setk\u00e1n\u00ed 21.6.<\/strong>, p\u0159edn\u00e1\u0161ku povede br.Pacifik \u201eO dobrovoln\u00e9 skromnosti\u201c<\/li>\n\n\n\n<li><strong>Exercicie 20-.23.8. 2026<\/strong><\/li>\n\n\n\n<li><strong>Pou\u0165 na Host\u00fdn 12.9. 2026<\/strong><\/li>\n\n\n\n<li><strong>Franti\u0161k\u00e1nsk\u00fd festival v Praze 2.-4.10. 2026<\/strong><\/li>\n<\/ul>\n\n\n\n<p>Zapsala D. \u0160otov\u00e1<\/p>\n\n\n\n<p>&nbsp;&nbsp;&nbsp;&nbsp;&nbsp;&nbsp;&nbsp;&nbsp;&nbsp;&nbsp;&nbsp;&nbsp; &#8211;<\/p>\n","protected":false},"excerpt":{"rendered":"<p>Z\u00e1pis ze setk\u00e1n\u00ed 19.4.2026 &nbsp;Kl\u00e1\u0161ter brat\u0159\u00ed kapuc\u00edn\u016f Olomouc Setk\u00e1n\u00ed sester a brat\u0159\u00ed SF\u0158 \u2013 Olomouc rodiny P\u0159\u00edtomni: &nbsp;Br. Dominik, P. Hapalov\u00e1, J. Hub\u00e1\u010dkov\u00e1, E. C\u00e1skov\u00e1, M. \u0158ezn\u00ed\u010dkov\u00e1, L. Stehl\u00edkov\u00e1, D. \u0160otov\u00e1, F. Val\u016f, Fidrmucovi, Richterovi, Ve\u010de\u0159ovi, M. Mel\u010d \u010casov\u00fd pr\u016fb\u011bh s pozn\u00e1mkami: &nbsp;&nbsp;&nbsp;&nbsp;&nbsp;&nbsp; 2.&nbsp;&nbsp; Vstup do \u0159\u00e1du a formace \u010dl. 37-41 &nbsp;&nbsp;&nbsp;&nbsp;&nbsp;&nbsp;&nbsp;&nbsp;&nbsp;&nbsp;&nbsp;&nbsp; Jak jsem pro\u017e\u00edval &hellip; <a href=\"https:\/\/sfrolomouc.cz\/\" class=\"more-link\">Pokra\u010dov\u00e1n\u00ed textu <span class=\"screen-reader-text\">19.4.2026<\/span> <span class=\"meta-nav\">&rarr;<\/span><\/a><\/p>\n","protected":false},"author":1,"featured_media":0,"parent":0,"menu_order":0,"comment_status":"closed","ping_status":"closed","template":"","meta":{"footnotes":""},"class_list":["post-186","page","type-page","status-publish","hentry"],"_links":{"self":[{"href":"https:\/\/sfrolomouc.cz\/index.php?rest_route=\/wp\/v2\/pages\/186","targetHints":{"allow":["GET"]}}],"collection":[{"href":"https:\/\/sfrolomouc.cz\/index.php?rest_route=\/wp\/v2\/pages"}],"about":[{"href":"https:\/\/sfrolomouc.cz\/index.php?rest_route=\/wp\/v2\/types\/page"}],"author":[{"embeddable":true,"href":"https:\/\/sfrolomouc.cz\/index.php?rest_route=\/wp\/v2\/users\/1"}],"replies":[{"embeddable":true,"href":"https:\/\/sfrolomouc.cz\/index.php?rest_route=%2Fwp%2Fv2%2Fcomments&post=186"}],"version-history":[{"count":1,"href":"https:\/\/sfrolomouc.cz\/index.php?rest_route=\/wp\/v2\/pages\/186\/revisions"}],"predecessor-version":[{"id":188,"href":"https:\/\/sfrolomouc.cz\/index.php?rest_route=\/wp\/v2\/pages\/186\/revisions\/188"}],"wp:attachment":[{"href":"https:\/\/sfrolomouc.cz\/index.php?rest_route=%2Fwp%2Fv2%2Fmedia&parent=186"}],"curies":[{"name":"wp","href":"https:\/\/api.w.org\/{rel}","templated":true}]}}