{"id":181,"date":"2026-03-21T14:40:22","date_gmt":"2026-03-21T13:40:22","guid":{"rendered":"https:\/\/sfrolomouc.cz\/?page_id=181"},"modified":"2026-03-21T14:40:22","modified_gmt":"2026-03-21T13:40:22","slug":"15-3-2026","status":"publish","type":"page","link":"https:\/\/sfrolomouc.cz\/","title":{"rendered":"15.3. 2026"},"content":{"rendered":"\n<p>Z\u00e1pis ze setk\u00e1n\u00ed 15.3.2026<\/p>\n\n\n\n<p>&nbsp;Kl\u00e1\u0161ter brat\u0159\u00ed kapuc\u00edn\u016f Olomouc<em><\/em><\/p>\n\n\n\n<p><strong><em>Setk\u00e1n\u00ed sester a brat\u0159\u00ed SF\u0158 \u2013 Olomouc rodiny<\/em><\/strong><strong><\/strong><\/p>\n\n\n\n<p><strong>P\u0159\u00edtomni: <\/strong>&nbsp;Br. Dominik, E. C\u00e1skov\u00e1, J. Hork\u00e1, J. Hub\u00e1\u010dkov\u00e1, M. \u0158ezn\u00ed\u010dkov\u00e1, B. Slima\u0159\u00edkov\u00e1, H. \u0160ev\u010d\u00edkov\u00e1, D. \u0160otov\u00e1, F. Val\u016f, Richterovi<strong><\/strong><\/p>\n\n\n\n<p><strong>\u010casov\u00fd pr\u016fb\u011bh s pozn\u00e1mkami:<\/strong><\/p>\n\n\n\n<ol class=\"wp-block-list\">\n<li><strong>14.30 \u2013 Spole\u010dn\u00e1 modlitba uprost\u0159ed dne v kostele <\/strong><strong>+ modlitba za m\u00edr<\/strong><\/li>\n<\/ol>\n\n\n\n<p><strong>&nbsp;&nbsp;&nbsp;&nbsp;&nbsp;&nbsp; 2.&nbsp;&nbsp; Konstituce \u010dl. 33-36<\/strong><\/p>\n\n\n\n<p><strong>&nbsp;&nbsp;&nbsp;&nbsp;&nbsp;&nbsp;&nbsp;&nbsp;&nbsp;&nbsp;&nbsp;&nbsp; <\/strong>Probl\u00e9my \u0159e\u0161it nejprve na \u00farovni sv\u00e9ho spole\u010denstv\u00ed. Respektovat osobnost a schopnosti ka\u017ed\u00e9ho \u010dlena spole\u010denstv\u00ed. N\u00e1\u0161 \u0159\u00e1d je zalo\u017een na spole\u010denstv\u00ed, setk\u00e1v\u00e1n\u00ed, bratrstv\u00ed, sd\u00edlen\u00ed, vz\u00e1jemn\u00e9 pomoci.<\/p>\n\n\n\n<p>&nbsp;&nbsp;&nbsp;&nbsp;&nbsp;&nbsp;&nbsp;&nbsp;&nbsp;&nbsp;&nbsp;&nbsp;&nbsp; <strong>N\u00e1vrh \u2013 prob\u00edr\u00e1n\u00ed st\u00e1l\u00e9 formace<\/strong><\/p>\n\n\n\n<p>Vzpom\u00ednky \u2013 jak jsem pro\u017e\u00edval svou formaci, co mne oslovilo. Co mi chyb\u00ed, jak\u00e9 je moje m\u00edsto ve spole\u010denstv\u00ed atd.<\/p>\n\n\n\n<p>&nbsp;&nbsp;&nbsp;&nbsp;&nbsp;&nbsp; <strong>3.&nbsp;&nbsp; Sd\u00edlen\u00ed <\/strong>brat\u0159\u00ed a sester<\/p>\n\n\n\n<p>&nbsp;&nbsp;&nbsp;&nbsp;&nbsp;&nbsp; <strong>4.&nbsp;&nbsp; Organiza\u010dn\u00ed z\u00e1le\u017eitosti a n\u00e1vrhy<\/strong><\/p>\n\n\n\n<p><strong>&nbsp;&nbsp;&nbsp;&nbsp;&nbsp;&nbsp;&nbsp;&nbsp;&nbsp;&nbsp;&nbsp;&nbsp; *&nbsp;&nbsp; <\/strong>P\u0159\u00ed\u0161t\u00ed setk\u00e1n\u00ed bude <strong>19.4.2026. <\/strong>Za\u010dneme ve <strong>14.30<\/strong> modlitbou v kostele a budeme pokra\u010dovat v kl\u00e1\u0161te\u0159e.<\/p>\n\n\n\n<p>&nbsp;&nbsp;&nbsp;&nbsp;&nbsp;&nbsp;&nbsp;&nbsp;&nbsp;&nbsp;&nbsp;&nbsp;&nbsp;&nbsp;&nbsp;&nbsp;&nbsp; <strong>V 17.00 <\/strong>se z\u00fa\u010dastn\u00edme m\u0161e. sv., kter\u00e1 bude slou\u017eena za zesnul\u00e9 M.H\u00fdblovou a \u0160. Olbertovou<\/p>\n\n\n\n<p>&nbsp;&nbsp;&nbsp;&nbsp;&nbsp;&nbsp;&nbsp;&nbsp;&nbsp;&nbsp;&nbsp;&nbsp;&nbsp;&nbsp;&nbsp; <strong>*&nbsp;&nbsp;&nbsp; 15.-17.5&nbsp; Roho\u017ekov\u00e1 kapitula, <\/strong>je pot\u0159eba se v\u010das p\u0159ihl\u00e1sit<\/p>\n\n\n\n<p>&nbsp;&nbsp;&nbsp;&nbsp;&nbsp;&nbsp;&nbsp;&nbsp;&nbsp;&nbsp;&nbsp;&nbsp;&nbsp;&nbsp;&nbsp; <strong>*&nbsp;&nbsp;&nbsp; 21.6.&nbsp; Oblastn\u00ed setk\u00e1n\u00ed, <\/strong>p\u0159edn\u00e1\u0161ku sl\u00edbil br. Pacifik na t\u00e9ma \u201e O dobrovoln\u00e9<\/p>\n\n\n\n<p><strong>&nbsp;&nbsp;&nbsp;&nbsp;&nbsp;&nbsp;&nbsp;&nbsp;&nbsp;&nbsp;&nbsp;&nbsp;&nbsp;&nbsp;&nbsp;&nbsp;&nbsp;&nbsp;&nbsp;&nbsp;&nbsp; <\/strong>skromnosti\u201c<\/p>\n\n\n\n<p>&nbsp;&nbsp;&nbsp;&nbsp;&nbsp;&nbsp;&nbsp;&nbsp;&nbsp;&nbsp;&nbsp;&nbsp;&nbsp;&nbsp;&nbsp; <strong>*&nbsp;&nbsp;&nbsp; Exercicie 20.-23.8.2026<\/strong><\/p>\n\n\n\n<p><strong>&nbsp;&nbsp;&nbsp;&nbsp;&nbsp;&nbsp;&nbsp;&nbsp;&nbsp;&nbsp;&nbsp;&nbsp;&nbsp;&nbsp;&nbsp;&nbsp;&nbsp;&nbsp;&nbsp;&nbsp;&nbsp; <\/strong>Nezapome\u0148te se p\u0159ihl\u00e1sit<\/p>\n\n\n\n<p>&nbsp;&nbsp;&nbsp;&nbsp;&nbsp;&nbsp;&nbsp;&nbsp;&nbsp;&nbsp;&nbsp;&nbsp;&nbsp;&nbsp;&nbsp; <strong>*&nbsp;&nbsp;&nbsp; 12.9.2026&nbsp; Pou\u0165 na Host\u00fdn<\/strong><\/p>\n\n\n\n<p><strong>&nbsp;&nbsp;&nbsp;&nbsp;&nbsp;&nbsp;&nbsp;&nbsp;&nbsp;&nbsp;&nbsp;&nbsp;&nbsp;&nbsp;&nbsp; *&nbsp;&nbsp;&nbsp; 2.-4.10.2026&nbsp; Franti\u0161k\u00e1nsk\u00fd festival v Praze<\/strong><\/p>\n\n\n\n<p>Zapsala D. \u0160otov\u00e1<\/p>\n\n\n\n<p><strong>Dokumenty SF\u0158, odd\u00edl 2, Vstup do \u0159\u00e1du a formace<\/strong><\/p>\n\n\n\n<p><strong>Str. 36-39, \u010dl\u00e1nek 37-39<\/strong><\/p>\n\n\n\n<p><strong>C\u00edlem je zamy\u0161len\u00ed nad mou vlastn\u00ed cestou k&nbsp;sv. Franti\u0161kovi, iniciac\u00ed, vstupem do \u0159\u00e1du, novici\u00e1tem a profes\u00ed. Jak jsem tato obdob\u00ed pro\u017e\u00edval(a), lid\u00e9 a ud\u00e1losti, kter\u00e9 mne ovlivnili, t\u011b\u017ekosti, kter\u00e9 jsem p\u0159ekon\u00e1val(a), za\u010d Bohu d\u011bkuji.<\/strong><\/p>\n\n\n\n<ol start=\"1\" class=\"wp-block-list\">\n<li><strong>Iniciace \u2013 co mne p\u0159ivedlo, kdo mne pozval, co mne oslovilo<\/strong><\/li>\n\n\n\n<li><strong>Formace \u2013 pamatuji si datum? Kdo mne formoval? Co jsem pro\u017e\u00edval? Byly pochybnosti?<\/strong><\/li>\n\n\n\n<li><strong>Profes a \u017eivot potom \u2013 co jsem pro\u017e\u00edval(a)? Zm\u011bnilo se n\u011bco? Jak se vypo\u0159\u00e1d\u00e1v\u00e1m s\u00a0rutinou? M\u011bl(a) jsem n\u011bjakou slu\u017ebu? Jak\u00e9 m\u00e1m z\u00a0toho zku\u0161enosti?<\/strong><\/li>\n\n\n\n<li><strong>Sou\u010dasnost \u2013 je n\u011bco jinak? Co mi chyb\u00ed? Co by mi \u0159ekl sv. Franti\u0161ek?<\/strong><\/li>\n\n\n\n<li><strong>Na\u0161e spole\u010denstv\u00ed a m\u00e9 m\u00edsto v n\u011bm<\/strong><\/li>\n<\/ol>\n\n\n\n<p><strong>Na n\u00e1sleduj\u00edc\u00edch setk\u00e1n\u00edch by kdo by cht\u011bl sd\u011blil, na co p\u0159i\u0161el, nemus\u00ed to b\u00fdt dlouh\u00e9, podrobn\u00e9. D\u016fle\u017eit\u00e9 jke, abychom si v\u0161ichni na\u0161li \u010das se nejprve pod\u00edvat na texty c dokumentech a pak se zamyslet nad t\u011bmi body.<\/strong><\/p>\n\n\n\n<p><\/p>\n","protected":false},"excerpt":{"rendered":"<p>Z\u00e1pis ze setk\u00e1n\u00ed 15.3.2026 &nbsp;Kl\u00e1\u0161ter brat\u0159\u00ed kapuc\u00edn\u016f Olomouc Setk\u00e1n\u00ed sester a brat\u0159\u00ed SF\u0158 \u2013 Olomouc rodiny P\u0159\u00edtomni: &nbsp;Br. Dominik, E. C\u00e1skov\u00e1, J. Hork\u00e1, J. Hub\u00e1\u010dkov\u00e1, M. \u0158ezn\u00ed\u010dkov\u00e1, B. Slima\u0159\u00edkov\u00e1, H. \u0160ev\u010d\u00edkov\u00e1, D. \u0160otov\u00e1, F. Val\u016f, Richterovi \u010casov\u00fd pr\u016fb\u011bh s pozn\u00e1mkami: &nbsp;&nbsp;&nbsp;&nbsp;&nbsp;&nbsp; 2.&nbsp;&nbsp; Konstituce \u010dl. 33-36 &nbsp;&nbsp;&nbsp;&nbsp;&nbsp;&nbsp;&nbsp;&nbsp;&nbsp;&nbsp;&nbsp;&nbsp; Probl\u00e9my \u0159e\u0161it nejprve na \u00farovni sv\u00e9ho spole\u010denstv\u00ed. Respektovat osobnost &hellip; <a href=\"https:\/\/sfrolomouc.cz\/\" class=\"more-link\">Pokra\u010dov\u00e1n\u00ed textu <span class=\"screen-reader-text\">15.3. 2026<\/span> <span class=\"meta-nav\">&rarr;<\/span><\/a><\/p>\n","protected":false},"author":1,"featured_media":0,"parent":0,"menu_order":0,"comment_status":"closed","ping_status":"closed","template":"","meta":{"footnotes":""},"class_list":["post-181","page","type-page","status-publish","hentry"],"_links":{"self":[{"href":"https:\/\/sfrolomouc.cz\/index.php?rest_route=\/wp\/v2\/pages\/181","targetHints":{"allow":["GET"]}}],"collection":[{"href":"https:\/\/sfrolomouc.cz\/index.php?rest_route=\/wp\/v2\/pages"}],"about":[{"href":"https:\/\/sfrolomouc.cz\/index.php?rest_route=\/wp\/v2\/types\/page"}],"author":[{"embeddable":true,"href":"https:\/\/sfrolomouc.cz\/index.php?rest_route=\/wp\/v2\/users\/1"}],"replies":[{"embeddable":true,"href":"https:\/\/sfrolomouc.cz\/index.php?rest_route=%2Fwp%2Fv2%2Fcomments&post=181"}],"version-history":[{"count":1,"href":"https:\/\/sfrolomouc.cz\/index.php?rest_route=\/wp\/v2\/pages\/181\/revisions"}],"predecessor-version":[{"id":183,"href":"https:\/\/sfrolomouc.cz\/index.php?rest_route=\/wp\/v2\/pages\/181\/revisions\/183"}],"wp:attachment":[{"href":"https:\/\/sfrolomouc.cz\/index.php?rest_route=%2Fwp%2Fv2%2Fmedia&parent=181"}],"curies":[{"name":"wp","href":"https:\/\/api.w.org\/{rel}","templated":true}]}}