{"id":166,"date":"2026-02-25T16:20:05","date_gmt":"2026-02-25T15:20:05","guid":{"rendered":"https:\/\/sfrolomouc.cz\/?page_id=166"},"modified":"2026-02-25T16:20:26","modified_gmt":"2026-02-25T15:20:26","slug":"15-2","status":"publish","type":"page","link":"https:\/\/sfrolomouc.cz\/?page_id=166","title":{"rendered":"15.2.2026"},"content":{"rendered":"\n<p>Z\u00e1pis ze setk\u00e1n\u00ed 15.2.2026<\/p>\n\n\n\n<p>&nbsp;Kl\u00e1\u0161ter brat\u0159\u00ed kapuc\u00edn\u016f Olomouc<em><\/em><\/p>\n\n\n\n<p><strong><em>Setk\u00e1n\u00ed sester a brat\u0159\u00ed SF\u0158 \u2013 Olomouc rodiny<\/em><\/strong><strong><\/strong><\/p>\n\n\n\n<p><strong>P\u0159\u00edtomni: <\/strong>&nbsp;Br. Dominik, P. Hapalov\u00e1, J. Hork\u00e1,&nbsp; Ve\u010de\u0159ovi, Fidrmucovi, M. Mel\u010d<\/p>\n\n\n\n<p><strong>\u010casov\u00fd pr\u016fb\u011bh s pozn\u00e1mkami:<\/strong><\/p>\n\n\n\n<ol class=\"wp-block-list\">\n<li><strong>14.30 \u2013 Spole\u010dn\u00e1 modlitba uprost\u0159ed dne v kostele <\/strong><\/li>\n<\/ol>\n\n\n\n<p><strong>&nbsp;&nbsp;&nbsp;&nbsp;&nbsp;&nbsp; 2.&nbsp;&nbsp; \u010dl. 32 z Dokument\u016f<\/strong> &#8211; Pokoj a sm\u00ed\u0159en\u00ed uvnit\u0159 bratrsk\u00e9ho spole\u010denstv\u00ed, jsme propojeni skrze&nbsp;modlitbu i bratrskou pomoc<\/p>\n\n\n\n<p>&nbsp;&nbsp;&nbsp;&nbsp;&nbsp;&nbsp; <strong>3.&nbsp;&nbsp; <\/strong><strong>Organiza\u010dn\u00ed z\u00e1le\u017eitosti a n\u00e1vrhy<\/strong><\/p>\n\n\n\n<ul class=\"wp-block-list\">\n<li>27.2. vedeme K\u0159\u00ed\u017eovou cestu v\u00a0kostele u Kapuc\u00edn\u016f, sraz po 16 h v\u00a0z\u00e1kristii.<\/li>\n\n\n\n<li>22.5.-24.5. Roho\u017ekov\u00e1 kapitula ve Vranovic\u00edch u Brna-mo\u017enost se p\u0159ihl\u00e1sit<\/li>\n\n\n\n<li>21.6. Oblastn\u00ed setk\u00e1n\u00ed, p\u0159edn\u00e1\u0161ku povede br.Pacifik \u201eO dobrovoln\u00e9 skromnosti\u201c<\/li>\n\n\n\n<li>-Na B\u00edlou sobotu ve\u010der ve sklepen\u00ed pod Kapuc\u00ednsk\u00fdch kostelem bude posezen\u00ed a poho\u0161t\u011bn\u00ed-v\u00edno ,pivo<\/li>\n\n\n\n<li>-U bratra Lubo\u0161e se do\u010dasn\u011b pozastavuje formace<\/li>\n\n\n\n<li>-Na p\u0159\u00ed\u0161t\u00edm setk\u00e1n\u00ed, kter\u00e9 bude 15.3. od 14.30h, se budeme zam\u00fd\u0161let v\u00a0Dokumentech nad \u010dl.33<\/li>\n<\/ul>\n\n\n\n<p>Zapsala P. Hapalov\u00e1<\/p>\n\n\n\n<p>&nbsp;&nbsp;&nbsp;&nbsp;&nbsp;&nbsp;&nbsp;&nbsp;&nbsp;&nbsp;&nbsp;&nbsp; &#8211;<\/p>\n","protected":false},"excerpt":{"rendered":"<p>Z\u00e1pis ze setk\u00e1n\u00ed 15.2.2026 &nbsp;Kl\u00e1\u0161ter brat\u0159\u00ed kapuc\u00edn\u016f Olomouc Setk\u00e1n\u00ed sester a brat\u0159\u00ed SF\u0158 \u2013 Olomouc rodiny P\u0159\u00edtomni: &nbsp;Br. Dominik, P. Hapalov\u00e1, J. Hork\u00e1,&nbsp; Ve\u010de\u0159ovi, Fidrmucovi, M. Mel\u010d \u010casov\u00fd pr\u016fb\u011bh s pozn\u00e1mkami: &nbsp;&nbsp;&nbsp;&nbsp;&nbsp;&nbsp; 2.&nbsp;&nbsp; \u010dl. 32 z Dokument\u016f &#8211; Pokoj a sm\u00ed\u0159en\u00ed uvnit\u0159 bratrsk\u00e9ho spole\u010denstv\u00ed, jsme propojeni skrze&nbsp;modlitbu i bratrskou pomoc &nbsp;&nbsp;&nbsp;&nbsp;&nbsp;&nbsp; 3.&nbsp;&nbsp; Organiza\u010dn\u00ed z\u00e1le\u017eitosti a &hellip; <a href=\"https:\/\/sfrolomouc.cz\/?page_id=166\" class=\"more-link\">Pokra\u010dov\u00e1n\u00ed textu <span class=\"screen-reader-text\">15.2.2026<\/span> <span class=\"meta-nav\">&rarr;<\/span><\/a><\/p>\n","protected":false},"author":1,"featured_media":0,"parent":0,"menu_order":0,"comment_status":"closed","ping_status":"closed","template":"","meta":{"footnotes":""},"class_list":["post-166","page","type-page","status-publish","hentry"],"_links":{"self":[{"href":"https:\/\/sfrolomouc.cz\/index.php?rest_route=\/wp\/v2\/pages\/166","targetHints":{"allow":["GET"]}}],"collection":[{"href":"https:\/\/sfrolomouc.cz\/index.php?rest_route=\/wp\/v2\/pages"}],"about":[{"href":"https:\/\/sfrolomouc.cz\/index.php?rest_route=\/wp\/v2\/types\/page"}],"author":[{"embeddable":true,"href":"https:\/\/sfrolomouc.cz\/index.php?rest_route=\/wp\/v2\/users\/1"}],"replies":[{"embeddable":true,"href":"https:\/\/sfrolomouc.cz\/index.php?rest_route=%2Fwp%2Fv2%2Fcomments&post=166"}],"version-history":[{"count":2,"href":"https:\/\/sfrolomouc.cz\/index.php?rest_route=\/wp\/v2\/pages\/166\/revisions"}],"predecessor-version":[{"id":169,"href":"https:\/\/sfrolomouc.cz\/index.php?rest_route=\/wp\/v2\/pages\/166\/revisions\/169"}],"wp:attachment":[{"href":"https:\/\/sfrolomouc.cz\/index.php?rest_route=%2Fwp%2Fv2%2Fmedia&parent=166"}],"curies":[{"name":"wp","href":"https:\/\/api.w.org\/{rel}","templated":true}]}}