{"id":157,"date":"2026-01-23T12:54:36","date_gmt":"2026-01-23T11:54:36","guid":{"rendered":"https:\/\/sfrolomouc.cz\/?page_id=157"},"modified":"2026-01-23T12:54:36","modified_gmt":"2026-01-23T11:54:36","slug":"18-1-2026","status":"publish","type":"page","link":"https:\/\/sfrolomouc.cz\/?page_id=157","title":{"rendered":"18.1.2026"},"content":{"rendered":"\n<p>Z\u00e1pis ze setk\u00e1n\u00ed 18.1.2026<\/p>\n\n\n\n<p>Kl\u00e1\u0161ter brat\u0159\u00ed kapuc\u00edn\u016f Olomouc<\/p>\n\n\n\n<p>Setk\u00e1n\u00ed sester a brat\u0159\u00ed SF\u0158 \u2013 Olomouc rodiny<\/p>\n\n\n\n<p>P\u0159\u00edtomni: Br. Dominik, E. C\u00e1skov\u00e1, P. Hapalov\u00e1, J. Hork\u00e1, J. Hub\u00e1\u010dkov\u00e1, M. \u0158ezn\u00ed\u010dkov\u00e1, D. \u0160otov\u00e1, F. Val\u016f, Richterovi, Ve\u010de\u0159ovi.<\/p>\n\n\n\n<p>Host \u2013 Martin Mel\u010d<\/p>\n\n\n\n<p>\u010casov\u00fd pr\u016fb\u011bh s pozn\u00e1mkami:<\/p>\n\n\n\n<p>1. 14.30 \u2013 Spole\u010dn\u00e1 modlitba uprost\u0159ed dne v kostele<\/p>\n\n\n\n<p>2. Jitka n\u00e1s informovala o semin\u00e1\u0159i, kter\u00e9ho se z\u00fa\u010dastnila.<\/p>\n\n\n\n<p>P\u0159edn\u00e1\u0161ka: Dobrovoln\u00e1 skromnost ( Lp\u00edm na sv\u00fdch pravd\u00e1ch? Napomenut\u00ed \u010dl. 27 )<\/p>\n\n\n\n<p>Velice zaj\u00edmav\u00e9 t\u00e9ma<\/p>\n\n\n\n<p>3. Sd\u00edlen\u00ed brat\u0159\u00ed a sester<\/p>\n\n\n\n<p>4. Organiza\u010dn\u00ed z\u00e1le\u017eitosti a n\u00e1vrhy<\/p>\n\n\n\n<p>\u00b7 P\u0159\u00ed\u0161t\u00ed setk\u00e1n\u00ed bude 15.2.2026. Za\u010dneme ve 14.30. modlitbou v kostele a budeme pokra\u010dovat v kl\u00e1\u0161te\u0159e. Dokumenty \u010dl. 31-32<\/p>\n\n\n\n<p>* 27.2. 2026 \u2013 povedeme k\u0159\u00ed\u017eovou cestu p\u0159ede m\u0161\u00ed sv. u kapup\u00edn\u016f<\/p>\n\n\n\n<p>* 15. \u2013 17. 5. Roho\u017ekov\u00e1 kapitula<\/p>\n\n\n\n<p>* 12.9. Pou\u0165 na Host\u00fdn<\/p>\n\n\n\n<p>* 2. \u2013 4. 10. Franti\u0161k\u00e1nsk\u00fd festival<\/p>\n\n\n\n<p>* Oblastn\u00ed setk\u00e1n\u00ed v \u010dervnu 21.6.<\/p>\n\n\n\n<p>* Odkaz na str\u00e1nky \u2013 Franti\u0161ek800.cz<\/p>\n\n\n\n<p>Zapsala D. \u0160otov\u00e1<\/p>\n\n\n\n<p><\/p>\n","protected":false},"excerpt":{"rendered":"<p>Z\u00e1pis ze setk\u00e1n\u00ed 18.1.2026 Kl\u00e1\u0161ter brat\u0159\u00ed kapuc\u00edn\u016f Olomouc Setk\u00e1n\u00ed sester a brat\u0159\u00ed SF\u0158 \u2013 Olomouc rodiny P\u0159\u00edtomni: Br. Dominik, E. C\u00e1skov\u00e1, P. Hapalov\u00e1, J. Hork\u00e1, J. Hub\u00e1\u010dkov\u00e1, M. \u0158ezn\u00ed\u010dkov\u00e1, D. \u0160otov\u00e1, F. Val\u016f, Richterovi, Ve\u010de\u0159ovi. Host \u2013 Martin Mel\u010d \u010casov\u00fd pr\u016fb\u011bh s pozn\u00e1mkami: 1. 14.30 \u2013 Spole\u010dn\u00e1 modlitba uprost\u0159ed dne v kostele 2. Jitka n\u00e1s &hellip; <a href=\"https:\/\/sfrolomouc.cz\/?page_id=157\" class=\"more-link\">Pokra\u010dov\u00e1n\u00ed textu <span class=\"screen-reader-text\">18.1.2026<\/span> <span class=\"meta-nav\">&rarr;<\/span><\/a><\/p>\n","protected":false},"author":1,"featured_media":0,"parent":0,"menu_order":0,"comment_status":"closed","ping_status":"closed","template":"","meta":{"footnotes":""},"class_list":["post-157","page","type-page","status-publish","hentry"],"_links":{"self":[{"href":"https:\/\/sfrolomouc.cz\/index.php?rest_route=\/wp\/v2\/pages\/157","targetHints":{"allow":["GET"]}}],"collection":[{"href":"https:\/\/sfrolomouc.cz\/index.php?rest_route=\/wp\/v2\/pages"}],"about":[{"href":"https:\/\/sfrolomouc.cz\/index.php?rest_route=\/wp\/v2\/types\/page"}],"author":[{"embeddable":true,"href":"https:\/\/sfrolomouc.cz\/index.php?rest_route=\/wp\/v2\/users\/1"}],"replies":[{"embeddable":true,"href":"https:\/\/sfrolomouc.cz\/index.php?rest_route=%2Fwp%2Fv2%2Fcomments&post=157"}],"version-history":[{"count":1,"href":"https:\/\/sfrolomouc.cz\/index.php?rest_route=\/wp\/v2\/pages\/157\/revisions"}],"predecessor-version":[{"id":159,"href":"https:\/\/sfrolomouc.cz\/index.php?rest_route=\/wp\/v2\/pages\/157\/revisions\/159"}],"wp:attachment":[{"href":"https:\/\/sfrolomouc.cz\/index.php?rest_route=%2Fwp%2Fv2%2Fmedia&parent=157"}],"curies":[{"name":"wp","href":"https:\/\/api.w.org\/{rel}","templated":true}]}}