{"id":140,"date":"2025-10-30T09:52:22","date_gmt":"2025-10-30T08:52:22","guid":{"rendered":"https:\/\/sfrolomouc.cz\/?page_id=140"},"modified":"2025-10-30T09:52:22","modified_gmt":"2025-10-30T08:52:22","slug":"19-10-2025","status":"publish","type":"page","link":"https:\/\/sfrolomouc.cz\/?page_id=140","title":{"rendered":"19.10.2025"},"content":{"rendered":"\n<p>Z\u00e1pis ze setk\u00e1n\u00ed 19.10. 2025<\/p>\n\n\n\n<p>&nbsp;Kl\u00e1\u0161ter brat\u0159\u00ed kapuc\u00edn\u016f Olomouc<em><\/em><\/p>\n\n\n\n<p><strong><em>Setk\u00e1n\u00ed sester a brat\u0159\u00ed SF\u0158 \u2013 Olomouc rodiny<\/em><\/strong><strong><\/strong><\/p>\n\n\n\n<p><strong>P\u0159\u00edtomni: <\/strong>&nbsp;Br. Dominik, E. C\u00e1skov\u00e1, P. Hapalov\u00e1, J. Hork\u00e1, M. \u0158ezn\u00ed\u010dkov\u00e1, J. Sl\u00e1dkov\u00e1, D. \u0160otov\u00e1, F. Vom\u00e1\u010dka, Richterovi, Ve\u010de\u0159ovi<\/p>\n\n\n\n<p><strong>Omluveni: <\/strong>J. Hub\u00e1\u010dkov\u00e1, B. Slima\u0159\u00edkov\u00e1, L. Stehl\u00edkov\u00e1, H. \u0160ev\u010d\u00edkov\u00e1, F. Val\u016f, Fidrmucovi<\/p>\n\n\n\n<p><strong>\u010casov\u00fd pr\u016fb\u011bh s pozn\u00e1mkami:<\/strong><\/p>\n\n\n\n<ol class=\"wp-block-list\">\n<li><strong>14.30 \u2013 Spole\u010dn\u00e1 modlitba uprost\u0159ed dne v kostele <\/strong><\/li>\n<\/ol>\n\n\n\n<p><strong>&nbsp;&nbsp;&nbsp;&nbsp;&nbsp;&nbsp; <\/strong><strong>2.&nbsp;&nbsp; Konstituce \u010dl. 31<\/strong><\/p>\n\n\n\n<p><strong>&nbsp;&nbsp;&nbsp;&nbsp;&nbsp;&nbsp;&nbsp;&nbsp;&nbsp;&nbsp;&nbsp;&nbsp; <\/strong>S v\u00fdkladem za\u010dala P. Hapalov\u00e1 a postupn\u011b se rozvinula debata i proto, \u017ee p\u0159\u00ed\u0161t\u00ed m\u011bs\u00edc n\u00e1s \u010dekaj\u00ed volby do na\u0161eho m\u00edstn\u00edho spole\u010denstv\u00ed, tak\u017ee toto t\u00e9ma bylo pro n\u00e1s aktu\u00e1ln\u00ed.&nbsp; \u010clenov\u00e9 rady jsou ke sv\u00e9 slu\u017eb\u011b povol\u00e1ni. Jsou p\u0159esv\u011bd\u010deni o hodnot\u011b evangeln\u00edho franti\u0161k\u00e1nsk\u00e9ho \u017eivota. Ka\u017ed\u00fd \u010dlen m\u00e1 zodpov\u011bdnost za sv\u00e9 spole\u010denstv\u00ed. Je dobr\u00e9, kdy\u017e se slu\u017eby \u010dlen\u016f m\u011bn\u00ed. Tato slu\u017eba je velik\u00fd Bo\u017e\u00ed dar.<\/p>\n\n\n\n<p>&nbsp;&nbsp;&nbsp;&nbsp;&nbsp; <strong>3.&nbsp;&nbsp;&nbsp; Sd\u00edlen\u00ed brat\u0159\u00ed a sester<\/strong><strong><\/strong><\/p>\n\n\n\n<p><strong>&nbsp;&nbsp;&nbsp;&nbsp;&nbsp;&nbsp; <\/strong><strong>4. Organiza\u010dn\u00ed z\u00e1le\u017eitosti a n\u00e1vrhy<\/strong><\/p>\n\n\n\n<ul class=\"wp-block-list\">\n<li>P\u0159\u00ed\u0161t\u00ed setk\u00e1n\u00ed bude <strong>9.11.2025. <\/strong>Za\u010dneme ve 14.30. modlitbou v kostele a budeme pokra\u010dovat v kl\u00e1\u0161te\u0159e, kde prob\u011bhnou volby . Pros\u00edme, dostavte se pokud mo\u017eno v\u0161ichni.<\/li>\n<\/ul>\n\n\n\n<p>&nbsp;&nbsp;&nbsp;&nbsp;&nbsp;&nbsp;&nbsp;&nbsp;&nbsp;&nbsp;&nbsp;&nbsp;&nbsp;&nbsp; Zapsala D. \u0160otov\u00e1<\/p>\n","protected":false},"excerpt":{"rendered":"<p>Z\u00e1pis ze setk\u00e1n\u00ed 19.10. 2025 &nbsp;Kl\u00e1\u0161ter brat\u0159\u00ed kapuc\u00edn\u016f Olomouc Setk\u00e1n\u00ed sester a brat\u0159\u00ed SF\u0158 \u2013 Olomouc rodiny P\u0159\u00edtomni: &nbsp;Br. Dominik, E. C\u00e1skov\u00e1, P. Hapalov\u00e1, J. Hork\u00e1, M. \u0158ezn\u00ed\u010dkov\u00e1, J. Sl\u00e1dkov\u00e1, D. \u0160otov\u00e1, F. Vom\u00e1\u010dka, Richterovi, Ve\u010de\u0159ovi Omluveni: J. Hub\u00e1\u010dkov\u00e1, B. Slima\u0159\u00edkov\u00e1, L. Stehl\u00edkov\u00e1, H. \u0160ev\u010d\u00edkov\u00e1, F. Val\u016f, Fidrmucovi \u010casov\u00fd pr\u016fb\u011bh s pozn\u00e1mkami: &nbsp;&nbsp;&nbsp;&nbsp;&nbsp;&nbsp; 2.&nbsp;&nbsp; Konstituce &hellip; <a href=\"https:\/\/sfrolomouc.cz\/?page_id=140\" class=\"more-link\">Pokra\u010dov\u00e1n\u00ed textu <span class=\"screen-reader-text\">19.10.2025<\/span> <span class=\"meta-nav\">&rarr;<\/span><\/a><\/p>\n","protected":false},"author":1,"featured_media":0,"parent":0,"menu_order":0,"comment_status":"closed","ping_status":"closed","template":"","meta":{"footnotes":""},"class_list":["post-140","page","type-page","status-publish","hentry"],"_links":{"self":[{"href":"https:\/\/sfrolomouc.cz\/index.php?rest_route=\/wp\/v2\/pages\/140","targetHints":{"allow":["GET"]}}],"collection":[{"href":"https:\/\/sfrolomouc.cz\/index.php?rest_route=\/wp\/v2\/pages"}],"about":[{"href":"https:\/\/sfrolomouc.cz\/index.php?rest_route=\/wp\/v2\/types\/page"}],"author":[{"embeddable":true,"href":"https:\/\/sfrolomouc.cz\/index.php?rest_route=\/wp\/v2\/users\/1"}],"replies":[{"embeddable":true,"href":"https:\/\/sfrolomouc.cz\/index.php?rest_route=%2Fwp%2Fv2%2Fcomments&post=140"}],"version-history":[{"count":1,"href":"https:\/\/sfrolomouc.cz\/index.php?rest_route=\/wp\/v2\/pages\/140\/revisions"}],"predecessor-version":[{"id":142,"href":"https:\/\/sfrolomouc.cz\/index.php?rest_route=\/wp\/v2\/pages\/140\/revisions\/142"}],"wp:attachment":[{"href":"https:\/\/sfrolomouc.cz\/index.php?rest_route=%2Fwp%2Fv2%2Fmedia&parent=140"}],"curies":[{"name":"wp","href":"https:\/\/api.w.org\/{rel}","templated":true}]}}