{"id":132,"date":"2025-10-02T19:25:48","date_gmt":"2025-10-02T18:25:48","guid":{"rendered":"https:\/\/sfrolomouc.cz\/?page_id=132"},"modified":"2025-10-02T19:25:48","modified_gmt":"2025-10-02T18:25:48","slug":"18-5-2025-oblastni-setkani-sternberk","status":"publish","type":"page","link":"https:\/\/sfrolomouc.cz\/?page_id=132","title":{"rendered":"18.5.2025 Oblastn\u00ed setk\u00e1n\u00ed \u0160ternberk"},"content":{"rendered":"\n<p>Mil\u00e9 sestry a brat\u0159i,<\/p>\n\n\n\n<p>d\u011bkujeme v\u00e1m v\u0161em, kte\u0159\u00ed jste si ud\u011blali \u010das a dorazili v ned\u011bli k n\u00e1m do \u0160ternberka, zvl\u00e1\u0161t\u011b bratru Ji\u0159\u00edmu, kter\u00fd p\u0159ijel z nejv\u011bt\u0161\u00ed d\u00e1lky!!!<\/p>\n\n\n\n<p>Bylo velmi mil\u00e9 se s v\u00e1mi setkat, v\u00edce se poznat a sd\u00edlet svoje radosti i starosti.<\/p>\n\n\n\n<p>D\u00edky&nbsp;&#x2665;<\/p>\n\n\n\n<p>Pos\u00edl\u00e1m materi\u00e1ly z p\u0159edn\u00e1\u0161ky na\u0161eho n\u00e1rodn\u00edho form\u00e1tora, o kter\u00e9 jste projevili z\u00e1jem:<\/p>\n\n\n\n<p>1) Z knihy Gabriela Bossisov\u00e1: On a j\u00e1 (duchovn\u00ed den\u00edk):<\/p>\n\n\n\n<p><em><strong>&#8222;Je t\u0159eba nejenom o t\u00e9to moj\u00ed l\u00e1sce v\u011bd\u011bt, ale p\u0159edev\u0161\u00edm v&nbsp;n\u00ed v\u011b\u0159it.&nbsp;<\/strong><\/em><\/p>\n\n\n\n<p><em><strong>Jak by byli lid\u00e9 i uprost\u0159ed zkou\u0161ek \u0161\u0165astn\u00ed, kdyby pevn\u011b v\u011b\u0159ili, \u017ee v\u0161echno se jim d\u011bje z&nbsp;m\u00e9 touhy prok\u00e1zat jim dobro, na m\u00edru ka\u017ed\u00e9mu z&nbsp;nich.&#8220;<\/strong><\/em><\/p>\n\n\n\n<p>2) Z knihy Eloi Leclerc OFM: Moudrost chud\u00e9ho (v p\u0159\u00edloze)<\/p>\n\n\n\n<p>3) Bro\u017euru po\u010d\u00e1te\u010dn\u00ed formace (v p\u0159\u00edloze)<\/p>\n\n\n\n<p>A je\u0161t\u011b p\u0159id\u00e1v\u00e1m p\u00e1r fotek jako p\u011bknou vzpom\u00ednku, \u017ee n\u00e1m spolu bylo dob\u0159e \ud83d\ude42<\/p>\n\n\n\n<p>Pros\u00edm, p\u0159edejte v\u0161e i ostatn\u00edm, na kter\u00e9 nem\u00e1m kontakt.<\/p>\n\n\n\n<p>S p\u0159\u00e1n\u00edm pokoje, dobra a Bo\u017e\u00edho po\u017eehn\u00e1n\u00ed<\/p>\n\n\n\n<p>V\u00ed\u0165a Nov\u00e1kov\u00e1&nbsp;<\/p>\n\n\n\n<p>MBS \u0160ternberk<\/p>\n\n\n\n<figure class=\"wp-block-gallery has-nested-images columns-default is-cropped wp-block-gallery-1 is-layout-flex wp-block-gallery-is-layout-flex\">\n<figure class=\"wp-block-image size-large\"><img loading=\"lazy\" decoding=\"async\" width=\"768\" height=\"1024\" data-id=\"134\" src=\"https:\/\/sfrolomouc.cz\/wp-content\/uploads\/2025\/10\/IMG-20250520-WA0047-1-768x1024.jpg\" alt=\"\" class=\"wp-image-134\" srcset=\"https:\/\/sfrolomouc.cz\/wp-content\/uploads\/2025\/10\/IMG-20250520-WA0047-1-768x1024.jpg 768w, https:\/\/sfrolomouc.cz\/wp-content\/uploads\/2025\/10\/IMG-20250520-WA0047-1-225x300.jpg 225w, https:\/\/sfrolomouc.cz\/wp-content\/uploads\/2025\/10\/IMG-20250520-WA0047-1-1152x1536.jpg 1152w, https:\/\/sfrolomouc.cz\/wp-content\/uploads\/2025\/10\/IMG-20250520-WA0047-1.jpg 1200w\" sizes=\"auto, (max-width: 768px) 100vw, 768px\" \/><\/figure>\n\n\n\n<figure class=\"wp-block-image size-large\"><img loading=\"lazy\" decoding=\"async\" width=\"748\" height=\"1000\" data-id=\"135\" src=\"https:\/\/sfrolomouc.cz\/wp-content\/uploads\/2025\/10\/IMG-20250520-WA0046.jpg\" alt=\"\" class=\"wp-image-135\" srcset=\"https:\/\/sfrolomouc.cz\/wp-content\/uploads\/2025\/10\/IMG-20250520-WA0046.jpg 748w, https:\/\/sfrolomouc.cz\/wp-content\/uploads\/2025\/10\/IMG-20250520-WA0046-224x300.jpg 224w\" sizes=\"auto, (max-width: 748px) 100vw, 748px\" \/><\/figure>\n\n\n\n<figure class=\"wp-block-image size-large\"><img loading=\"lazy\" decoding=\"async\" width=\"700\" height=\"1024\" data-id=\"136\" src=\"https:\/\/sfrolomouc.cz\/wp-content\/uploads\/2025\/10\/IMG-20250520-WA0010-700x1024.jpg\" alt=\"\" class=\"wp-image-136\" srcset=\"https:\/\/sfrolomouc.cz\/wp-content\/uploads\/2025\/10\/IMG-20250520-WA0010-700x1024.jpg 700w, https:\/\/sfrolomouc.cz\/wp-content\/uploads\/2025\/10\/IMG-20250520-WA0010-205x300.jpg 205w, https:\/\/sfrolomouc.cz\/wp-content\/uploads\/2025\/10\/IMG-20250520-WA0010-768x1124.jpg 768w, https:\/\/sfrolomouc.cz\/wp-content\/uploads\/2025\/10\/IMG-20250520-WA0010-1050x1536.jpg 1050w, https:\/\/sfrolomouc.cz\/wp-content\/uploads\/2025\/10\/IMG-20250520-WA0010.jpg 1153w\" sizes=\"auto, (max-width: 700px) 100vw, 700px\" \/><\/figure>\n<\/figure>\n","protected":false},"excerpt":{"rendered":"<p>Mil\u00e9 sestry a brat\u0159i, d\u011bkujeme v\u00e1m v\u0161em, kte\u0159\u00ed jste si ud\u011blali \u010das a dorazili v ned\u011bli k n\u00e1m do \u0160ternberka, zvl\u00e1\u0161t\u011b bratru Ji\u0159\u00edmu, kter\u00fd p\u0159ijel z nejv\u011bt\u0161\u00ed d\u00e1lky!!! Bylo velmi mil\u00e9 se s v\u00e1mi setkat, v\u00edce se poznat a sd\u00edlet svoje radosti i starosti. D\u00edky&nbsp;&#x2665; Pos\u00edl\u00e1m materi\u00e1ly z p\u0159edn\u00e1\u0161ky na\u0161eho n\u00e1rodn\u00edho form\u00e1tora, o kter\u00e9 jste &hellip; <a href=\"https:\/\/sfrolomouc.cz\/?page_id=132\" class=\"more-link\">Pokra\u010dov\u00e1n\u00ed textu <span class=\"screen-reader-text\">18.5.2025 Oblastn\u00ed setk\u00e1n\u00ed \u0160ternberk<\/span> <span class=\"meta-nav\">&rarr;<\/span><\/a><\/p>\n","protected":false},"author":1,"featured_media":0,"parent":0,"menu_order":0,"comment_status":"closed","ping_status":"closed","template":"","meta":{"footnotes":""},"class_list":["post-132","page","type-page","status-publish","hentry"],"_links":{"self":[{"href":"https:\/\/sfrolomouc.cz\/index.php?rest_route=\/wp\/v2\/pages\/132","targetHints":{"allow":["GET"]}}],"collection":[{"href":"https:\/\/sfrolomouc.cz\/index.php?rest_route=\/wp\/v2\/pages"}],"about":[{"href":"https:\/\/sfrolomouc.cz\/index.php?rest_route=\/wp\/v2\/types\/page"}],"author":[{"embeddable":true,"href":"https:\/\/sfrolomouc.cz\/index.php?rest_route=\/wp\/v2\/users\/1"}],"replies":[{"embeddable":true,"href":"https:\/\/sfrolomouc.cz\/index.php?rest_route=%2Fwp%2Fv2%2Fcomments&post=132"}],"version-history":[{"count":1,"href":"https:\/\/sfrolomouc.cz\/index.php?rest_route=\/wp\/v2\/pages\/132\/revisions"}],"predecessor-version":[{"id":138,"href":"https:\/\/sfrolomouc.cz\/index.php?rest_route=\/wp\/v2\/pages\/132\/revisions\/138"}],"wp:attachment":[{"href":"https:\/\/sfrolomouc.cz\/index.php?rest_route=%2Fwp%2Fv2%2Fmedia&parent=132"}],"curies":[{"name":"wp","href":"https:\/\/api.w.org\/{rel}","templated":true}]}}