{"id":104,"date":"2025-09-05T13:41:43","date_gmt":"2025-09-05T12:41:43","guid":{"rendered":"https:\/\/sfrolomouc.cz\/?page_id=104"},"modified":"2025-09-05T14:05:13","modified_gmt":"2025-09-05T13:05:13","slug":"exercicie-u-kapucinu-v-olomouci-21-8-24-8-2025","status":"publish","type":"page","link":"https:\/\/sfrolomouc.cz\/?page_id=104","title":{"rendered":"Exercicie u kapuc\u00edn\u016f v Olomouci 21.8.-24.8 2025"},"content":{"rendered":"\n<p>Franti\u0161k\u00e1nsk\u00e9 exercicie v Olonouci<\/p>\n\n\n\n<p>MBS Olomouc po\u0159\u00e1d\u00e1 srpnov\u00e9 franti\u0161k\u00e1nsk\u00e9 exercicie ji\u017e mnoho let a v\u017edy pro n\u00e1s znamenaj\u00ed zastaven\u00ed a ob\u010derstven\u00ed na\u0161em \u017eivot\u011b v \u0159\u00e1du SF\u0158. Po roce jsme se tedy op\u011bt sjeli z r\u016fzn\u00fdch kout\u016f Moravy, ale i z Prahy a okol\u00ed, abychom zakusili sladkost a s\u00edlu duchovn\u00edch cvi\u010den\u00ed podle sv. Bonaventury, nazvan\u00e9 podle jeho spisu Soliloquium. Na\u0161e pozv\u00e1n\u00ed p\u0159ijal P. Bonaventura Ji\u0159\u00ed \u0160tivar, OFMCap, kter\u00fd se spisy sv. Bonaventury zab\u00fdv\u00e1 ji\u017e dlouho a jeho p\u0159edn\u00e1\u0161ky jsou k zhl\u00e9dnut\u00ed na Youtube:<\/p>\n\n\n\n<p><a href=\"https:\/\/youtu.be\/N9EpAYKiLow?si=LpkPqW7flVqbwPZn\">https:\/\/youtu.be\/N9EpAYKiLow?si=LpkPqW7flVqbwPZn<\/a><\/p>\n\n\n\n<p><\/p>\n\n\n\n<p>Dvaadvacet brat\u0159\u00ed a sester se tak pod jeho veden\u00edm mohlo pono\u0159it do hloubky a kr\u00e1sy sv\u00e9 du\u0161e a zkoumat, t\u0159\u00edbit a prohlubovat sv\u016fj vztah k Bohu , Tv\u016frci v\u0161eho, \u017easnout nad kr\u00e1sou jeho stvo\u0159en\u00ed a jeho l\u00e1skou k sv\u00fdm tvor\u016fm.<\/p>\n\n\n\n<p>D\u011bkujeme brat\u0159\u00edm kapuc\u00edn\u016fm v Olomouci, kte\u0159\u00ed n\u00e1m poskytl i prostory kl\u00e1\u0161tera a p\u0159ipravili n\u00e1m m\u00edsto klidu, ticha a modlitby.<\/p>\n\n\n\n<p>Na\u0161e exercicie prob\u00edhaly v tichu, p\u0159esto jsme ale c\u00edtili soun\u00e1le\u017eitost a rozum\u011bli si i beze slov. Samoz\u0159ejm\u011b p\u0159ed zah\u00e1jen\u00edm a po ukon\u010den\u00ed byl prostor pro sd\u00edlen\u00ed zvl\u00e1\u0161t\u011b s t\u011bmi, se kter\u00fdmi se tak \u010dasto nev\u00edd\u00e1me.<\/p>\n\n\n\n<p>Jako bonus jsme mohli p\u0159i m\u0161i svat\u00e9 obnovit svou trvalou profesi, o\u017eivit sv\u00e9 sliby a rozhodnut\u00ed n\u00e1sledovat Krista podle vzoru sv. Franti\u0161ka.<\/p>\n\n\n\n<p>Bohu d\u00edky.<\/p>\n\n\n\n<figure class=\"wp-block-image size-large\"><img loading=\"lazy\" decoding=\"async\" width=\"1024\" height=\"768\" src=\"https:\/\/sfrolomouc.cz\/wp-content\/uploads\/2025\/09\/1000021203-2-1024x768.jpg\" alt=\"\" class=\"wp-image-125\" srcset=\"https:\/\/sfrolomouc.cz\/wp-content\/uploads\/2025\/09\/1000021203-2-1024x768.jpg 1024w, https:\/\/sfrolomouc.cz\/wp-content\/uploads\/2025\/09\/1000021203-2-300x225.jpg 300w, https:\/\/sfrolomouc.cz\/wp-content\/uploads\/2025\/09\/1000021203-2-768x576.jpg 768w, https:\/\/sfrolomouc.cz\/wp-content\/uploads\/2025\/09\/1000021203-2-1536x1152.jpg 1536w, https:\/\/sfrolomouc.cz\/wp-content\/uploads\/2025\/09\/1000021203-2.jpg 2000w\" sizes=\"auto, (max-width: 1024px) 100vw, 1024px\" \/><\/figure>\n\n\n\n<figure class=\"wp-block-gallery has-nested-images columns-default is-cropped wp-block-gallery-1 is-layout-flex wp-block-gallery-is-layout-flex\">\n<figure class=\"wp-block-image size-large\"><img loading=\"lazy\" decoding=\"async\" width=\"762\" height=\"1024\" data-id=\"110\" src=\"https:\/\/sfrolomouc.cz\/wp-content\/uploads\/2025\/09\/1000021192-762x1024.jpg\" alt=\"\" class=\"wp-image-110\" srcset=\"https:\/\/sfrolomouc.cz\/wp-content\/uploads\/2025\/09\/1000021192-762x1024.jpg 762w, https:\/\/sfrolomouc.cz\/wp-content\/uploads\/2025\/09\/1000021192-223x300.jpg 223w, https:\/\/sfrolomouc.cz\/wp-content\/uploads\/2025\/09\/1000021192-768x1033.jpg 768w, https:\/\/sfrolomouc.cz\/wp-content\/uploads\/2025\/09\/1000021192-1142x1536.jpg 1142w, https:\/\/sfrolomouc.cz\/wp-content\/uploads\/2025\/09\/1000021192.jpg 1184w\" sizes=\"auto, (max-width: 762px) 100vw, 762px\" \/><\/figure>\n\n\n\n<figure class=\"wp-block-image size-large\"><img loading=\"lazy\" decoding=\"async\" width=\"1024\" height=\"768\" data-id=\"112\" src=\"https:\/\/sfrolomouc.cz\/wp-content\/uploads\/2025\/09\/1000021122-1024x768.jpg\" alt=\"\" class=\"wp-image-112\" srcset=\"https:\/\/sfrolomouc.cz\/wp-content\/uploads\/2025\/09\/1000021122-1024x768.jpg 1024w, https:\/\/sfrolomouc.cz\/wp-content\/uploads\/2025\/09\/1000021122-300x225.jpg 300w, https:\/\/sfrolomouc.cz\/wp-content\/uploads\/2025\/09\/1000021122-768x576.jpg 768w, https:\/\/sfrolomouc.cz\/wp-content\/uploads\/2025\/09\/1000021122-1536x1152.jpg 1536w, https:\/\/sfrolomouc.cz\/wp-content\/uploads\/2025\/09\/1000021122.jpg 2000w\" sizes=\"auto, (max-width: 1024px) 100vw, 1024px\" \/><\/figure>\n\n\n\n<figure class=\"wp-block-image size-large\"><img loading=\"lazy\" decoding=\"async\" width=\"905\" height=\"1024\" data-id=\"109\" src=\"https:\/\/sfrolomouc.cz\/wp-content\/uploads\/2025\/09\/1000021112-905x1024.jpg\" alt=\"\" class=\"wp-image-109\" srcset=\"https:\/\/sfrolomouc.cz\/wp-content\/uploads\/2025\/09\/1000021112-905x1024.jpg 905w, https:\/\/sfrolomouc.cz\/wp-content\/uploads\/2025\/09\/1000021112-265x300.jpg 265w, https:\/\/sfrolomouc.cz\/wp-content\/uploads\/2025\/09\/1000021112-768x869.jpg 768w, https:\/\/sfrolomouc.cz\/wp-content\/uploads\/2025\/09\/1000021112-1358x1536.jpg 1358w, https:\/\/sfrolomouc.cz\/wp-content\/uploads\/2025\/09\/1000021112.jpg 1394w\" sizes=\"auto, (max-width: 905px) 100vw, 905px\" \/><\/figure>\n\n\n\n<figure class=\"wp-block-image size-large\"><img loading=\"lazy\" decoding=\"async\" width=\"1024\" height=\"768\" data-id=\"114\" src=\"https:\/\/sfrolomouc.cz\/wp-content\/uploads\/2025\/09\/1000021101-1024x768.jpg\" alt=\"\" class=\"wp-image-114\" srcset=\"https:\/\/sfrolomouc.cz\/wp-content\/uploads\/2025\/09\/1000021101-1024x768.jpg 1024w, https:\/\/sfrolomouc.cz\/wp-content\/uploads\/2025\/09\/1000021101-300x225.jpg 300w, https:\/\/sfrolomouc.cz\/wp-content\/uploads\/2025\/09\/1000021101-768x576.jpg 768w, https:\/\/sfrolomouc.cz\/wp-content\/uploads\/2025\/09\/1000021101-1536x1152.jpg 1536w, https:\/\/sfrolomouc.cz\/wp-content\/uploads\/2025\/09\/1000021101.jpg 2000w\" sizes=\"auto, (max-width: 1024px) 100vw, 1024px\" \/><\/figure>\n\n\n\n<figure class=\"wp-block-image size-large\"><img loading=\"lazy\" decoding=\"async\" width=\"1024\" height=\"768\" data-id=\"113\" src=\"https:\/\/sfrolomouc.cz\/wp-content\/uploads\/2025\/09\/1000021093-1024x768.jpg\" alt=\"\" class=\"wp-image-113\" srcset=\"https:\/\/sfrolomouc.cz\/wp-content\/uploads\/2025\/09\/1000021093-1024x768.jpg 1024w, https:\/\/sfrolomouc.cz\/wp-content\/uploads\/2025\/09\/1000021093-300x225.jpg 300w, https:\/\/sfrolomouc.cz\/wp-content\/uploads\/2025\/09\/1000021093-768x576.jpg 768w, https:\/\/sfrolomouc.cz\/wp-content\/uploads\/2025\/09\/1000021093-1536x1152.jpg 1536w, https:\/\/sfrolomouc.cz\/wp-content\/uploads\/2025\/09\/1000021093.jpg 2000w\" sizes=\"auto, (max-width: 1024px) 100vw, 1024px\" \/><\/figure>\n\n\n\n<figure class=\"wp-block-image size-large\"><img loading=\"lazy\" decoding=\"async\" width=\"768\" height=\"1024\" data-id=\"118\" src=\"https:\/\/sfrolomouc.cz\/wp-content\/uploads\/2025\/09\/1000021088-768x1024.png\" alt=\"\" class=\"wp-image-118\" srcset=\"https:\/\/sfrolomouc.cz\/wp-content\/uploads\/2025\/09\/1000021088-768x1024.png 768w, https:\/\/sfrolomouc.cz\/wp-content\/uploads\/2025\/09\/1000021088-225x300.png 225w, https:\/\/sfrolomouc.cz\/wp-content\/uploads\/2025\/09\/1000021088-1152x1536.png 1152w, https:\/\/sfrolomouc.cz\/wp-content\/uploads\/2025\/09\/1000021088.png 1500w\" sizes=\"auto, (max-width: 768px) 100vw, 768px\" \/><\/figure>\n\n\n\n<figure class=\"wp-block-image size-large\"><img loading=\"lazy\" decoding=\"async\" width=\"1024\" height=\"768\" data-id=\"115\" src=\"https:\/\/sfrolomouc.cz\/wp-content\/uploads\/2025\/09\/1000021081-1024x768.jpg\" alt=\"\" class=\"wp-image-115\" srcset=\"https:\/\/sfrolomouc.cz\/wp-content\/uploads\/2025\/09\/1000021081-1024x768.jpg 1024w, https:\/\/sfrolomouc.cz\/wp-content\/uploads\/2025\/09\/1000021081-300x225.jpg 300w, https:\/\/sfrolomouc.cz\/wp-content\/uploads\/2025\/09\/1000021081-768x576.jpg 768w, https:\/\/sfrolomouc.cz\/wp-content\/uploads\/2025\/09\/1000021081-1536x1152.jpg 1536w, https:\/\/sfrolomouc.cz\/wp-content\/uploads\/2025\/09\/1000021081.jpg 2000w\" sizes=\"auto, (max-width: 1024px) 100vw, 1024px\" \/><\/figure>\n\n\n\n<figure class=\"wp-block-image size-large\"><img loading=\"lazy\" decoding=\"async\" width=\"1024\" height=\"768\" data-id=\"111\" src=\"https:\/\/sfrolomouc.cz\/wp-content\/uploads\/2025\/09\/1000021079-1024x768.jpg\" alt=\"\" class=\"wp-image-111\" srcset=\"https:\/\/sfrolomouc.cz\/wp-content\/uploads\/2025\/09\/1000021079-1024x768.jpg 1024w, https:\/\/sfrolomouc.cz\/wp-content\/uploads\/2025\/09\/1000021079-300x225.jpg 300w, https:\/\/sfrolomouc.cz\/wp-content\/uploads\/2025\/09\/1000021079-768x576.jpg 768w, https:\/\/sfrolomouc.cz\/wp-content\/uploads\/2025\/09\/1000021079-1536x1152.jpg 1536w, https:\/\/sfrolomouc.cz\/wp-content\/uploads\/2025\/09\/1000021079.jpg 2000w\" sizes=\"auto, (max-width: 1024px) 100vw, 1024px\" \/><\/figure>\n\n\n\n<figure class=\"wp-block-image size-large\"><img loading=\"lazy\" decoding=\"async\" width=\"768\" height=\"1024\" data-id=\"117\" src=\"https:\/\/sfrolomouc.cz\/wp-content\/uploads\/2025\/09\/1000021088-768x1024.jpg\" alt=\"\" class=\"wp-image-117\" srcset=\"https:\/\/sfrolomouc.cz\/wp-content\/uploads\/2025\/09\/1000021088-768x1024.jpg 768w, https:\/\/sfrolomouc.cz\/wp-content\/uploads\/2025\/09\/1000021088-225x300.jpg 225w, https:\/\/sfrolomouc.cz\/wp-content\/uploads\/2025\/09\/1000021088-1152x1536.jpg 1152w, https:\/\/sfrolomouc.cz\/wp-content\/uploads\/2025\/09\/1000021088-1536x2048.jpg 1536w, https:\/\/sfrolomouc.cz\/wp-content\/uploads\/2025\/09\/1000021088-scaled.jpg 1920w\" sizes=\"auto, (max-width: 768px) 100vw, 768px\" \/><\/figure>\n<\/figure>\n\n\n\n<p><strong>Exercicie \u2013 denn\u00ed program<\/strong><\/p>\n\n\n\n<p><strong>Olomouc 21. 8. 2025 a\u017e 24. 8. 2025<\/strong><\/p>\n\n\n\n<p><strong>T\u00e9ma: sv. Bonaventura &#8211; Soloquium<\/strong><strong><\/strong><\/p>\n\n\n\n<p><strong>Exercit\u00e1tor<\/strong>:&nbsp; Bonaventura Ji\u0159\u00ed \u0160tivar OFMCap<\/p>\n\n\n\n<p><strong>\u010ctvrtek<\/strong> 21. 8. 2025<\/p>\n\n\n\n<p>17 hod. M\u0161e svat\u00e1 &#8211; kostel<\/p>\n\n\n\n<p>18 hod. Ve\u010de\u0159e \u2013 j\u00eddelna v p\u0159\u00edzem\u00ed<\/p>\n\n\n\n<p>19.30 hod. zah\u00e1jen\u00ed \u00favodn\u00ed p\u0159edn\u00e1\u0161kou a za\u010d\u00e1tek ml\u010den\u00ed \u2013 j\u00eddelna v p\u0159\u00edzem\u00ed<\/p>\n\n\n\n<p>20.30 hod. Adorace s ve\u010dern\u00edmi chv\u00e1lami &#8211; kostel &nbsp;<\/p>\n\n\n\n<p><strong>P\u00e1tek 22<\/strong>. 8. 2025<\/p>\n\n\n\n<p>7:30 hod. Sn\u00eddan\u011b \u2013 j\u00eddelna v p\u0159\u00edzem\u00ed<\/p>\n\n\n\n<p>8:15 hod. Rann\u00ed chv\u00e1ly \u2013 kostel<\/p>\n\n\n\n<p>8:45 hod. P\u0159edn\u00e1\u0161ka \u2013 j\u00eddelna v p\u0159\u00edzem\u00ed<\/p>\n\n\n\n<p>11:30 hod. And\u011bl P\u00e1n\u011b a poledn\u00ed modlitba \u2013 kostel<\/p>\n\n\n\n<p>12:00 hod. ob\u011bd<\/p>\n\n\n\n<p>14:00 \u2013 15:00 mo\u017enost sv\u00e1tosti sm\u00ed\u0159en\u00ed<\/p>\n\n\n\n<p>15:00 hod. P\u0159edn\u00e1\u0161ka \u2013 j\u00eddelna v p\u0159\u00edzem\u00ed<\/p>\n\n\n\n<p>17:00 hod. M\u0161e svat\u00e1<\/p>\n\n\n\n<p>18:00 hod. Ve\u010de\u0159e \u2013 j\u00eddelna v p\u0159\u00edzem\u00ed<\/p>\n\n\n\n<p>19:00 hod. Adorace s ve\u010dern\u00edmi chv\u00e1lami \u2013 v&nbsp;nov\u00e9 kapli<\/p>\n\n\n\n<p>Mo\u017enost tich\u00e9 adorace po celou noc do 7:00 hod<\/p>\n\n\n\n<p>&nbsp;<strong>Sobota 23<\/strong>. 8. 2025<\/p>\n\n\n\n<p>7:30 hod. Sn\u00eddan\u011b \u2013 j\u00eddelna v p\u0159\u00edzem\u00ed<\/p>\n\n\n\n<p>8:15 hod. Rann\u00ed chv\u00e1ly \u2013 v&nbsp;nov\u00e9 kapli<\/p>\n\n\n\n<p>8:45 hod. P\u0159edn\u00e1\u0161ka \u2013 j\u00eddelna v p\u0159\u00edzem\u00ed<\/p>\n\n\n\n<p>11:30 hod. And\u011bl P\u00e1n\u011b a poledn\u00ed modlitba \u2013 v&nbsp;nov\u00e9 kapli<\/p>\n\n\n\n<p>12:00 hod. ob\u011bd<\/p>\n\n\n\n<p>14:00 -15:00 hod \u2013 mo\u017enost sv\u00e1tosti sm\u00ed\u0159en\u00ed<\/p>\n\n\n\n<p>15:00 hod. P\u0159edn\u00e1\u0161ka \u2013 j\u00eddelna v p\u0159\u00edzem\u00ed<\/p>\n\n\n\n<p>17:00 hod. M\u0161e svat\u00e1<\/p>\n\n\n\n<p>18:30 hod. Ve\u010de\u0159e \u2013 j\u00eddelna v p\u0159\u00edzem\u00ed<\/p>\n\n\n\n<p>20:00 hod. Adorace s ve\u010dern\u00edmi chv\u00e1lami \u2013 v&nbsp;nov\u00e9 kapli<\/p>\n\n\n\n<p><strong>Ned\u011ble 24<\/strong>. 8. 2025<\/p>\n\n\n\n<p>7:30 Sn\u00eddan\u011b \u2013 j\u00eddelna v p\u0159\u00edzem\u00ed<\/p>\n\n\n\n<p>8:15 hod. Rann\u00ed chv\u00e1ly + z\u00e1v\u011bre\u010dn\u00e9 setk\u00e1n\u00ed<\/p>\n\n\n\n<p>10:00 M\u0161e svat\u00e1<\/p>\n\n\n\n<p>11:00 hod. &nbsp;\u00daklid pokoj\u016f a p\u0159\u00edsl.<\/p>\n\n\n\n<p>12:00 hod. And\u011bl P\u00e1n\u011b a ob\u011bd&nbsp;\u2013 j\u00eddelna v p\u0159\u00edzem\u00ed<\/p>\n\n\n\n<p><\/p>\n","protected":false},"excerpt":{"rendered":"<p>Franti\u0161k\u00e1nsk\u00e9 exercicie v Olonouci MBS Olomouc po\u0159\u00e1d\u00e1 srpnov\u00e9 franti\u0161k\u00e1nsk\u00e9 exercicie ji\u017e mnoho let a v\u017edy pro n\u00e1s znamenaj\u00ed zastaven\u00ed a ob\u010derstven\u00ed na\u0161em \u017eivot\u011b v \u0159\u00e1du SF\u0158. Po roce jsme se tedy op\u011bt sjeli z r\u016fzn\u00fdch kout\u016f Moravy, ale i z Prahy a okol\u00ed, abychom zakusili sladkost a s\u00edlu duchovn\u00edch cvi\u010den\u00ed podle sv. Bonaventury, nazvan\u00e9 podle &hellip; <a href=\"https:\/\/sfrolomouc.cz\/?page_id=104\" class=\"more-link\">Pokra\u010dov\u00e1n\u00ed textu <span class=\"screen-reader-text\">Exercicie u kapuc\u00edn\u016f v Olomouci 21.8.-24.8 2025<\/span> <span class=\"meta-nav\">&rarr;<\/span><\/a><\/p>\n","protected":false},"author":1,"featured_media":0,"parent":0,"menu_order":0,"comment_status":"closed","ping_status":"closed","template":"","meta":{"footnotes":""},"class_list":["post-104","page","type-page","status-publish","hentry"],"_links":{"self":[{"href":"https:\/\/sfrolomouc.cz\/index.php?rest_route=\/wp\/v2\/pages\/104","targetHints":{"allow":["GET"]}}],"collection":[{"href":"https:\/\/sfrolomouc.cz\/index.php?rest_route=\/wp\/v2\/pages"}],"about":[{"href":"https:\/\/sfrolomouc.cz\/index.php?rest_route=\/wp\/v2\/types\/page"}],"author":[{"embeddable":true,"href":"https:\/\/sfrolomouc.cz\/index.php?rest_route=\/wp\/v2\/users\/1"}],"replies":[{"embeddable":true,"href":"https:\/\/sfrolomouc.cz\/index.php?rest_route=%2Fwp%2Fv2%2Fcomments&post=104"}],"version-history":[{"count":5,"href":"https:\/\/sfrolomouc.cz\/index.php?rest_route=\/wp\/v2\/pages\/104\/revisions"}],"predecessor-version":[{"id":127,"href":"https:\/\/sfrolomouc.cz\/index.php?rest_route=\/wp\/v2\/pages\/104\/revisions\/127"}],"wp:attachment":[{"href":"https:\/\/sfrolomouc.cz\/index.php?rest_route=%2Fwp%2Fv2%2Fmedia&parent=104"}],"curies":[{"name":"wp","href":"https:\/\/api.w.org\/{rel}","templated":true}]}}